{"id":2594,"date":"2025-10-13T15:13:22","date_gmt":"2025-10-13T15:13:22","guid":{"rendered":"https:\/\/autofriends.bg\/product\/areol-eco-protect-z-5w-30-205lsuit_engine-oil-synthetic-acea-c3-2\/"},"modified":"2025-10-20T09:58:00","modified_gmt":"2025-10-20T09:58:00","slug":"areol-eco-protect-z-5w-30-205lsuit_engine-oil-synthetic-acea-c3-2","status":"publish","type":"product","link":"https:\/\/autofriends.bg\/bg\/produkt\/areol-eco-protect-z-5w-30-205lsuit_engine-oil-synthetic-acea-c3-2\/","title":{"rendered":"AREOL ECO Protect Z 5W-30 (205L+suit)_engine oil !synthetic ACEA C3"},"content":{"rendered":"<p>5W30AR037KOST_AOL<\/p>\n<p>AREOL<\/p>\n<p>5W30AR037+\u00ca\u00ce\u00d1\u00d2\u00de\u00cc<\/p>","protected":false},"excerpt":{"rendered":"<p>5W30AR037KOST_AOL AREOL 5W30AR037+\u00ca\u00ce\u00d1\u00d2\u00de\u00cc<\/p>","protected":false},"featured_media":1362,"template":"","meta":[],"product_brand":[],"product_cat":[89,17],"product_tag":[],"class_list":{"0":"post-2594","1":"product","2":"type-product","3":"status-publish","4":"has-post-thumbnail","6":"product_cat-5w-30","7":"product_cat-masla","9":"first","10":"instock","11":"purchasable","12":"product-type-simple"},"_links":{"self":[{"href":"https:\/\/autofriends.bg\/bg\/wp-json\/wp\/v2\/product\/2594","targetHints":{"allow":["GET"]}}],"collection":[{"href":"https:\/\/autofriends.bg\/bg\/wp-json\/wp\/v2\/product"}],"about":[{"href":"https:\/\/autofriends.bg\/bg\/wp-json\/wp\/v2\/types\/product"}],"wp:featuredmedia":[{"embeddable":true,"href":"https:\/\/autofriends.bg\/bg\/wp-json\/wp\/v2\/media\/1362"}],"wp:attachment":[{"href":"https:\/\/autofriends.bg\/bg\/wp-json\/wp\/v2\/media?parent=2594"}],"wp:term":[{"taxonomy":"product_brand","embeddable":true,"href":"https:\/\/autofriends.bg\/bg\/wp-json\/wp\/v2\/product_brand?post=2594"},{"taxonomy":"product_cat","embeddable":true,"href":"https:\/\/autofriends.bg\/bg\/wp-json\/wp\/v2\/product_cat?post=2594"},{"taxonomy":"product_tag","embeddable":true,"href":"https:\/\/autofriends.bg\/bg\/wp-json\/wp\/v2\/product_tag?post=2594"}],"curies":[{"name":"wp","href":"https:\/\/api.w.org\/{rel}","templated":true}]}}