{"id":2589,"date":"2025-10-13T15:13:22","date_gmt":"2025-10-13T15:13:22","guid":{"rendered":"https:\/\/autofriends.bg\/product\/areol-max-protect-10w-40-205lsuit_engine-oil-semi-synthetic-acea-a3-b4-2\/"},"modified":"2025-10-20T09:52:15","modified_gmt":"2025-10-20T09:52:15","slug":"areol-max-protect-10w-40-205lsuit_engine-oil-semi-synthetic-acea-a3-b4-2","status":"publish","type":"product","link":"https:\/\/autofriends.bg\/bg\/produkt\/areol-max-protect-10w-40-205lsuit_engine-oil-semi-synthetic-acea-a3-b4-2\/","title":{"rendered":"AREOL Max Protect 10W-40 (205L+suit)_engine oil !semi synthetic ACEA A3\/B4"},"content":{"rendered":"<p>10W40AR034KOS_AOL<\/p>\n<p>AREOL<\/p>\n<p>10W40AR034+\u00ca\u00ce\u00d1\u00d2\u00de\u00cc<\/p>","protected":false},"excerpt":{"rendered":"<p>10W40AR034KOS_AOL AREOL 10W40AR034+\u00ca\u00ce\u00d1\u00d2\u00de\u00cc<\/p>","protected":false},"featured_media":1352,"template":"","meta":[],"product_brand":[],"product_cat":[88,17],"product_tag":[],"class_list":{"0":"post-2589","1":"product","2":"type-product","3":"status-publish","4":"has-post-thumbnail","6":"product_cat-10w-40","7":"product_cat-masla","9":"first","10":"instock","11":"purchasable","12":"product-type-simple"},"_links":{"self":[{"href":"https:\/\/autofriends.bg\/bg\/wp-json\/wp\/v2\/product\/2589","targetHints":{"allow":["GET"]}}],"collection":[{"href":"https:\/\/autofriends.bg\/bg\/wp-json\/wp\/v2\/product"}],"about":[{"href":"https:\/\/autofriends.bg\/bg\/wp-json\/wp\/v2\/types\/product"}],"wp:featuredmedia":[{"embeddable":true,"href":"https:\/\/autofriends.bg\/bg\/wp-json\/wp\/v2\/media\/1352"}],"wp:attachment":[{"href":"https:\/\/autofriends.bg\/bg\/wp-json\/wp\/v2\/media?parent=2589"}],"wp:term":[{"taxonomy":"product_brand","embeddable":true,"href":"https:\/\/autofriends.bg\/bg\/wp-json\/wp\/v2\/product_brand?post=2589"},{"taxonomy":"product_cat","embeddable":true,"href":"https:\/\/autofriends.bg\/bg\/wp-json\/wp\/v2\/product_cat?post=2589"},{"taxonomy":"product_tag","embeddable":true,"href":"https:\/\/autofriends.bg\/bg\/wp-json\/wp\/v2\/product_tag?post=2589"}],"curies":[{"name":"wp","href":"https:\/\/api.w.org\/{rel}","templated":true}]}}